{"id":14763,"date":"2022-08-07T11:15:30","date_gmt":"2022-08-07T08:15:30","guid":{"rendered":"https:\/\/kw.jummasouq.com\/post-a-job\/"},"modified":"2022-08-07T11:15:30","modified_gmt":"2022-08-07T08:15:30","slug":"post-a-job","status":"publish","type":"page","link":"https:\/\/kw.jummasouq.com\/ar\/post-a-job\/","title":{"rendered":"\u00d8\u00a3\u00d8\u00b6\u00d9\u0081 \u00d9\u02c6\u00d8\u00b8\u00d9\u0160\u00d9\u0081\u00d8\u00a9"},"content":{"rendered":"<form action=\"\/ar\/wp-json\/wp\/v2\/pages\/14763\" method=\"post\" id=\"submit-job-form\" class=\"job-manager-form\" enctype=\"multipart\/form-data\" data-trp-original-action=\"\/ar\/wp-json\/wp\/v2\/pages\/14763\">\n\n\t\n\t\n\t\n\t\t\t<fieldset class=\"fieldset-login_required\">\n\t\t<label>\u0647\u0644 \u0644\u062f\u064a\u0643 \u062d\u0633\u0627\u0628\u061f<\/label>\n\t\t<div class=\"field account-sign-in\">\n\t\t\t<a class=\"button\" href=\"https:\/\/kw.jummasouq.com\/wp-login.php?redirect_to=https%3A%2F%2Fkw.jummasouq.com%2Far%2Fpost-a-job%2F\">\u062a\u0633\u062c\u064a\u0644 \u0627\u0644\u062f\u062e\u0648\u0644<\/a>\n\n\t\t\t\n\t\t\t\tIf you don&#039;t have an account you can create one below by entering your email address\/username.\t\t\t\t\t\t\t\t\tYour account details will be confirmed via email.\t\t\t\t\n\t\t\t\t\t<\/div>\n\t<\/fieldset>\n\t\t\t\t<fieldset class=\"fieldset-create_account_email\">\n\t\t\t\t<label\n\t\t\t\t\tfor=\"create_account_email\">\u0628\u0631\u064a\u062f\u0643 \u0627\u0644\u0625\u0644\u0643\u062a\u0631\u0648\u0646\u064a<\/label>\n\t\t\t\t<div class=\"field required-field draft-required\">\n\t\t\t\t\t<input type=\"text\" class=\"input-text\" name=\"create_account_email\" id=\"create_account_email\" placeholder=\"you@yourdomain.com\" value=\"\" maxlength=\"\" required \/>\n\t\t\t\t<\/div>\n\t\t\t<\/fieldset>\n\t\t\t\n\t\n\t\n\t\t<!-- Job Information Fields -->\n\t\t\n\t\t\t\t\t<fieldset class=\"fieldset-job_title fieldset-type-text\">\n\t\t\t\t<label for=\"job_title\">\u0627\u0644\u0645\u0633\u0645\u0649 \u0627\u0644\u0648\u0638\u064a\u0641\u064a<\/label>\n\t\t\t\t<div class=\"field required-field\">\n\t\t\t\t\t<input type=\"text\" class=\"input-text\" name=\"job_title\" id=\"job_title\" placeholder=\"\" value=\"\" maxlength=\"\" required \/>\n\t\t\t\t<\/div>\n\t\t\t<\/fieldset>\n\t\t\t\t\t<fieldset class=\"fieldset-job_location fieldset-type-text\">\n\t\t\t\t<label for=\"job_location\">\u0627\u0644\u0645\u0643\u0627\u0646 <small>(\u0627\u062e\u062a\u064a\u0627\u0631\u064a)<\/small><\/label>\n\t\t\t\t<div class=\"field\">\n\t\t\t\t\t<input type=\"text\" class=\"input-text\" name=\"job_location\" id=\"job_location\" placeholder=\"\u0645\u062b\u0644\u0627 &quot;\u0644\u0646\u062f\u0646&quot;\" value=\"\" maxlength=\"\"  \/>\n<small class=\"description\">\u062a\u0631\u0643 \u0647\u0630\u0627 \u0641\u0627\u0631\u063a\u0627 \u0625\u0630\u0627 \u0643\u0627\u0646 \u0645\u0648\u0642\u0639 \u0627\u0644\u0639\u0645\u0644 \u0644\u064a\u0633 \u0645\u0647\u0645\u0627<\/small>\t\t\t\t<\/div>\n\t\t\t<\/fieldset>\n\t\t\t\t\t<fieldset class=\"fieldset-remote_position fieldset-type-checkbox\">\n\t\t\t\t<label for=\"remote_position\">Remote Position <small>(\u0627\u062e\u062a\u064a\u0627\u0631\u064a)<\/small><\/label>\n\t\t\t\t<div class=\"field\">\n\t\t\t\t\t<input type=\"checkbox\" class=\"input-checkbox\" name=\"remote_position\" id=\"remote_position\"  value=\"1\"  \/>\n<small class=\"description\">Select if this is a remote position.<\/small>\t\t\t\t<\/div>\n\t\t\t<\/fieldset>\n\t\t\t\t\t<fieldset class=\"fieldset-job_type fieldset-type-term-select\">\n\t\t\t\t<label for=\"job_type\">\u0646\u0648\u0639 \u0627\u0644\u0648\u0638\u064a\u0641\u0629<\/label>\n\t\t\t\t<div class=\"field required-field\">\n\t\t\t\t\t<select  name='job_type' id='job_type' class='postform'>\n\t<option value=''>Choose job type&hellip;<\/option>\n\t<option class=\"level-0\" value=\"578\">\u00d8\u00b9\u00d9\u2026\u00d9\u201e \u00d8\u00ad\u00d8\u00b1<\/option>\n\t<option class=\"level-0\" value=\"575\" selected=\"selected\">\u00d8\u00af\u00d9\u02c6\u00d8\u00a7\u00d9\u2026 \u00d9\u0192\u00d8\u00a7\u00d9\u2026\u00d9\u201e<\/option>\n\t<option class=\"level-0\" value=\"579\">\u00d8\u00aa\u00d8\u00af\u00d8\u00b1\u00d9\u0160\u00d8\u00a8<\/option>\n\t<option class=\"level-0\" value=\"576\">\u00d8\u00af\u00d9\u02c6\u00d8\u00a7\u00d9\u2026 \u00d8\u00ac\u00d8\u00b2\u00d8\u00a6\u00d9\u0160<\/option>\n\t<option class=\"level-0\" value=\"577\">\u00d9\u2026\u00d8\u00a4\u00d9\u201a\u00d8\u00aa<\/option>\n<\/select>\n\t\t\t\t<\/div>\n\t\t\t<\/fieldset>\n\t\t\t\t\t<fieldset class=\"fieldset-job_description fieldset-type-wp-editor\">\n\t\t\t\t<label for=\"job_description\">\u0627\u0644\u0648\u0635\u0641<\/label>\n\t\t\t\t<div class=\"field required-field\">\n\t\t\t\t\t<div id=\"wp-job_description-wrap\" class=\"wp-core-ui wp-editor-wrap tmce-active\"><link rel='stylesheet' id='dashicons-css' href='https:\/\/kw.jummasouq.com\/wp-includes\/css\/dashicons.min.css?ver=6.9' type='text\/css' media='all' \/>\n<link rel='stylesheet' id='editor-buttons-rtl-css' href='https:\/\/kw.jummasouq.com\/wp-includes\/css\/editor-rtl.min.css?ver=6.9' type='text\/css' media='all' \/>\n<style> .mce-top-part button { background-color: rgba(0,0,0,0.0) !important; } <\/style>\n<div id=\"wp-job_description-editor-container\" class=\"wp-editor-container\"><textarea class=\"wp-editor-area\" rows=\"8\" autocomplete=\"off\" cols=\"40\" name=\"job_description\" id=\"job_description\"><\/textarea><\/div>\n<\/div>\n\n\t\t\t\t<\/div>\n\t\t\t<\/fieldset>\n\t\t\t\t\t<fieldset class=\"fieldset-application fieldset-type-text\">\n\t\t\t\t<label for=\"application\">\u0639\u0646\u0648\u0627\u0646 \u0627\u0644\u0645\u0648\u0642\u0639\/ \u0627\u0644\u0628\u0631\u064a\u062f \u0627\u0644\u0625\u0644\u0643\u062a\u0631\u0648\u0646\u064a \u0644\u0644\u062a\u0642\u062f\u064a\u0645<\/label>\n\t\t\t\t<div class=\"field required-field\">\n\t\t\t\t\t<input type=\"text\" class=\"input-text\" name=\"application\" id=\"application\" placeholder=\"\u0627\u062f\u062e\u0644 \u0628\u0631\u064a\u062f \u0625\u0644\u0643\u062a\u0631\u0648\u0646\u064a \u0623\u0648 \u0639\u0646\u0648\u0627\u0646 \u0627\u0644\u0645\u0648\u0642\u0639\" value=\"\" maxlength=\"\" required \/>\n\t\t\t\t<\/div>\n\t\t\t<\/fieldset>\n\t\t\t\t\t<fieldset class=\"fieldset-job_salary fieldset-type-text\">\n\t\t\t\t<label for=\"job_salary\">Salary <small>(\u0627\u062e\u062a\u064a\u0627\u0631\u064a)<\/small><\/label>\n\t\t\t\t<div class=\"field\">\n\t\t\t\t\t<input type=\"text\" class=\"input-text\" name=\"job_salary\" id=\"job_salary\" placeholder=\"e.g. 20000\" value=\"\" maxlength=\"\"  \/>\n\t\t\t\t<\/div>\n\t\t\t<\/fieldset>\n\t\t\n\t\t\n\t\t<!-- Company Information Fields -->\n\t\t\t\t\t<h2>\u0645\u0639\u0644\u0648\u0645\u0627\u062a \u0627\u0644\u0634\u0631\u0643\u0629<\/h2>\n\n\t\t\t\n\t\t\t\t\t\t\t<fieldset class=\"fieldset-company_id fieldset-type-select\">\n\t\t\t\t\t<label for=\"company_id\">\u00d8\u00b4\u00d8\u00b1\u00d9\u0192\u00d8\u00a9<\/label>\n\t\t\t\t\t<div class=\"field required-field\">\n\t\t\t\t\t\t<select name=\"company_id\" id=\"company_id\" required autocomplete=\"off\">\n\t\t\t<option value=\"\" >User Not Logged In<\/option>\n\t<\/select>\n\t\t\t\t\t<\/div>\n\t\t\t\t<\/fieldset>\n\t\t\t\t\t\t\t<fieldset class=\"fieldset-company_name fieldset-type-text\">\n\t\t\t\t\t<label for=\"company_name\">Branch  Name <small>(\u0627\u062e\u062a\u064a\u0627\u0631\u064a)<\/small><\/label>\n\t\t\t\t\t<div class=\"field\">\n\t\t\t\t\t\t<input type=\"text\" class=\"input-text\" name=\"company_name\" id=\"company_name\" placeholder=\"\u0627\u062f\u062e\u0644 \u0627\u0633\u0645 \u0627\u0644\u0634\u0631\u0643\u0629\" value=\"\" maxlength=\"\"  \/>\n\t\t\t\t\t<\/div>\n\t\t\t\t<\/fieldset>\n\t\t\t\t\t\t\t<fieldset class=\"fieldset-company_website fieldset-type-text\">\n\t\t\t\t\t<label for=\"company_website\">Branch Website <small>(\u0627\u062e\u062a\u064a\u0627\u0631\u064a)<\/small><\/label>\n\t\t\t\t\t<div class=\"field\">\n\t\t\t\t\t\t<input type=\"text\" class=\"input-text\" name=\"company_website\" id=\"company_website\" placeholder=\"\/\/:http\" value=\"\" maxlength=\"\"  \/>\n\t\t\t\t\t<\/div>\n\t\t\t\t<\/fieldset>\n\t\t\t\t\t\t\t<fieldset class=\"fieldset-company_video fieldset-type-text\">\n\t\t\t\t\t<label for=\"company_video\">Branch Video <small>(\u0627\u062e\u062a\u064a\u0627\u0631\u064a)<\/small><\/label>\n\t\t\t\t\t<div class=\"field\">\n\t\t\t\t\t\t<input type=\"text\" class=\"input-text\" name=\"company_video\" id=\"company_video\" placeholder=\"\u0631\u0627\u0628\u0637 \u0627\u0644\u0641\u064a\u062f\u064a\u0648 \u0627\u0644\u062e\u0627\u0635 \u0628\u0627\u0644\u0634\u0631\u0643\u0629\" value=\"\" maxlength=\"\"  \/>\n\t\t\t\t\t<\/div>\n\t\t\t\t<\/fieldset>\n\t\t\t\t\t\t\t<fieldset class=\"fieldset-company_twitter fieldset-type-text\">\n\t\t\t\t\t<label for=\"company_twitter\">Branch Twitter <small>(\u0627\u062e\u062a\u064a\u0627\u0631\u064a)<\/small><\/label>\n\t\t\t\t\t<div class=\"field\">\n\t\t\t\t\t\t<input type=\"text\" class=\"input-text\" name=\"company_twitter\" id=\"company_twitter\" placeholder=\"@yourcompany\" value=\"\" maxlength=\"\"  \/>\n\t\t\t\t\t<\/div>\n\t\t\t\t<\/fieldset>\n\t\t\t\t\t\t\t<fieldset class=\"fieldset-company_logo fieldset-type-file\">\n\t\t\t\t\t<label for=\"company_logo\">Branch Logo <small>(\u0627\u062e\u062a\u064a\u0627\u0631\u064a)<\/small><\/label>\n\t\t\t\t\t<div class=\"field\">\n\t\t\t\t\t\t<div class=\"job-manager-uploaded-files\">\n\t<\/div>\n\n<input\n\ttype=\"file\"\n\tclass=\"input-text\"\n\tdata-file_types=\"jpg|jpeg|gif|png\"\n\t\t\t\tname=\"company_logo\"\n\tid=\"company_logo\"\n\tplaceholder=\"\"\n\/>\n<small class=\"description\">\n\t\t\t\u0623\u0642\u0635\u064a \u062d\u062c\u0645 \u0644\u0644\u0645\u0644\u0641: 2 \u062c\u064a\u062c\u0627\u0628\u0627\u064a\u062a.\t<\/small>\n\t\t\t\t\t<\/div>\n\t\t\t\t<\/fieldset>\n\t\t\t\n\t\t\t\t\t\n\t\t<fieldset class=\"fieldset-recaptcha\">\n\t<label for=\"recaptcha\">Are you human?<\/label>\n\t<div class=\"field required-field\">\n\t\t<div class=\"g-recaptcha\" data-sitekey=\"6LeNiPsZAAAAAGyeTV48iSdoONojCeeOpccvy6IE\"><\/div>\n\t\t\t<\/div>\n<\/fieldset>\n<fieldset class=\"fieldset-agreement-checkbox\">\n\t<div class=\"field full-line-checkbox-field required-field\">\n\t\t<input type=\"checkbox\" class=\"input-checkbox\" name=\"agreement-checkbox\" id=\"agreement-checkbox\"  value=\"1\"  required \/>\n\t\t<label for=\"agreement-checkbox\">I accept the <a href=\"https:\/\/kw.jummasouq.com\/ar\/terms-of-use\/\" target=\"_blank\">Terms and Conditions<\/a>.<\/label>\n\t\t\t<\/div>\n<\/fieldset>\n\n\t\t<p>\n\t\t\t<input type=\"hidden\" name=\"job_manager_form\" value=\"submit-job\" \/>\n\t\t\t<input type=\"hidden\" name=\"job_id\" value=\"0\" \/>\n\t\t\t<input type=\"hidden\" name=\"step\" value=\"0\" \/>\n\t\t\t<input type=\"submit\" name=\"submit_job\" class=\"button\"\n    \t\t value=\"\u0645\u0639\u0627\u064a\u0646\u0629\" \/>\n\t\t\t<input type=\"submit\" name=\"save_draft\" class=\"button secondary save_draft\" value=\"Save Draft\" formnovalidate \/>\t\t\t<span class=\"spinner\" style=\"background-image: url(https:\/\/kw.jummasouq.com\/wp-includes\/images\/spinner.gif);\"><\/span>\n\t\t<\/p>\n\n\t<input type=\"hidden\" name=\"trp-form-language\" value=\"ar\"\/><\/form>","protected":false},"excerpt":{"rendered":"","protected":false},"author":1,"featured_media":0,"parent":0,"menu_order":0,"comment_status":"closed","ping_status":"closed","template":"","meta":{"_rtcl_gb_attr":"","footnotes":""},"class_list":["post-14763","page","type-page","status-publish","hentry"],"yoast_head":"<!-- This site is optimized with the Yoast SEO plugin v26.8 - https:\/\/yoast.com\/product\/yoast-seo-wordpress\/ -->\n<title>Post a Job - Jumma Souq<\/title>\n<meta name=\"robots\" content=\"index, follow, max-snippet:-1, max-image-preview:large, max-video-preview:-1\" \/>\n<link rel=\"canonical\" href=\"https:\/\/kw.jummasouq.com\/ar\/post-a-job\/\" \/>\n<script type=\"application\/ld+json\" class=\"yoast-schema-graph\">{\"@context\":\"https:\/\/schema.org\",\"@graph\":[{\"@type\":\"WebPage\",\"@id\":\"https:\/\/kw.jummasouq.com\/post-a-job\/\",\"url\":\"https:\/\/kw.jummasouq.com\/post-a-job\/\",\"name\":\"Post a Job - Jumma Souq\",\"isPartOf\":{\"@id\":\"https:\/\/kw.jummasouq.com\/#website\"},\"datePublished\":\"2022-08-07T08:15:30+00:00\",\"breadcrumb\":{\"@id\":\"https:\/\/kw.jummasouq.com\/post-a-job\/#breadcrumb\"},\"inLanguage\":\"ar\",\"potentialAction\":[{\"@type\":\"ReadAction\",\"target\":[\"https:\/\/kw.jummasouq.com\/post-a-job\/\"]}]},{\"@type\":\"BreadcrumbList\",\"@id\":\"https:\/\/kw.jummasouq.com\/post-a-job\/#breadcrumb\",\"itemListElement\":[{\"@type\":\"ListItem\",\"position\":1,\"name\":\"Home\",\"item\":\"https:\/\/kw.jummasouq.com\/\"},{\"@type\":\"ListItem\",\"position\":2,\"name\":\"Post a Job\"}]},{\"@type\":\"WebSite\",\"@id\":\"https:\/\/kw.jummasouq.com\/#website\",\"url\":\"https:\/\/kw.jummasouq.com\/\",\"name\":\"Jumma Souq\",\"description\":\"Free Classified Application in Kuwait | Post Free Ads\",\"potentialAction\":[{\"@type\":\"SearchAction\",\"target\":{\"@type\":\"EntryPoint\",\"urlTemplate\":\"https:\/\/kw.jummasouq.com\/?s={search_term_string}\"},\"query-input\":{\"@type\":\"PropertyValueSpecification\",\"valueRequired\":true,\"valueName\":\"search_term_string\"}}],\"inLanguage\":\"ar\"}]}<\/script>\n<!-- \/ Yoast SEO plugin. -->","yoast_head_json":{"title":"Post a Job - Jumma Souq","robots":{"index":"index","follow":"follow","max-snippet":"max-snippet:-1","max-image-preview":"max-image-preview:large","max-video-preview":"max-video-preview:-1"},"canonical":"https:\/\/kw.jummasouq.com\/ar\/post-a-job\/","schema":{"@context":"https:\/\/schema.org","@graph":[{"@type":"WebPage","@id":"https:\/\/kw.jummasouq.com\/post-a-job\/","url":"https:\/\/kw.jummasouq.com\/post-a-job\/","name":"Post a Job - Jumma Souq","isPartOf":{"@id":"https:\/\/kw.jummasouq.com\/#website"},"datePublished":"2022-08-07T08:15:30+00:00","breadcrumb":{"@id":"https:\/\/kw.jummasouq.com\/post-a-job\/#breadcrumb"},"inLanguage":"ar","potentialAction":[{"@type":"ReadAction","target":["https:\/\/kw.jummasouq.com\/post-a-job\/"]}]},{"@type":"BreadcrumbList","@id":"https:\/\/kw.jummasouq.com\/post-a-job\/#breadcrumb","itemListElement":[{"@type":"ListItem","position":1,"name":"Home","item":"https:\/\/kw.jummasouq.com\/"},{"@type":"ListItem","position":2,"name":"Post a Job"}]},{"@type":"WebSite","@id":"https:\/\/kw.jummasouq.com\/#website","url":"https:\/\/kw.jummasouq.com\/","name":"Jumma Souq","description":"Free Classified Application in Kuwait | Post Free Ads","potentialAction":[{"@type":"SearchAction","target":{"@type":"EntryPoint","urlTemplate":"https:\/\/kw.jummasouq.com\/?s={search_term_string}"},"query-input":{"@type":"PropertyValueSpecification","valueRequired":true,"valueName":"search_term_string"}}],"inLanguage":"ar"}]}},"_links":{"self":[{"href":"https:\/\/kw.jummasouq.com\/ar\/wp-json\/wp\/v2\/pages\/14763","targetHints":{"allow":["GET"]}}],"collection":[{"href":"https:\/\/kw.jummasouq.com\/ar\/wp-json\/wp\/v2\/pages"}],"about":[{"href":"https:\/\/kw.jummasouq.com\/ar\/wp-json\/wp\/v2\/types\/page"}],"author":[{"embeddable":true,"href":"https:\/\/kw.jummasouq.com\/ar\/wp-json\/wp\/v2\/users\/1"}],"replies":[{"embeddable":true,"href":"https:\/\/kw.jummasouq.com\/ar\/wp-json\/wp\/v2\/comments?post=14763"}],"version-history":[{"count":0,"href":"https:\/\/kw.jummasouq.com\/ar\/wp-json\/wp\/v2\/pages\/14763\/revisions"}],"wp:attachment":[{"href":"https:\/\/kw.jummasouq.com\/ar\/wp-json\/wp\/v2\/media?parent=14763"}],"curies":[{"name":"wp","href":"https:\/\/api.w.org\/{rel}","templated":true}]}}