{"id":14765,"date":"2022-08-07T11:15:31","date_gmt":"2022-08-07T08:15:31","guid":{"rendered":"https:\/\/kw.jummasouq.com\/jobs\/"},"modified":"2022-08-07T11:15:31","modified_gmt":"2022-08-07T08:15:31","slug":"jobs","status":"publish","type":"page","link":"https:\/\/kw.jummasouq.com\/ar\/jobs\/","title":{"rendered":"\u00d9\u02c6\u00d8\u00b8\u00d8\u00a7\u00d8\u00a6\u00d9\u0081"},"content":{"rendered":"<div class=\"job_listings\" data-location=\"\" data-keywords=\"\" data-show_filters=\"true\" data-show_pagination=\"true\" data-per_page=\"10\" data-orderby=\"featured\" data-order=\"DESC\" data-categories=\"\" data-disable-form-state-storage=\"\" data-featured_first=\"false\" data-post_id=\"14765\" >\n<form class=\"job_filters\" action=\"\">\n\t\n\t<div class=\"search_jobs\">\n\t\t\n\t\t<div class=\"search_keywords\">\n\t\t\t<label for=\"search_keywords\">\u0643\u0644\u0645\u0627\u062a \u0627\u0644\u0628\u062d\u062b<\/label>\n\t\t\t<input type=\"text\" name=\"search_keywords\" id=\"search_keywords\" placeholder=\"\u0643\u0644\u0645\u0627\u062a \u0627\u0644\u0628\u062d\u062b\" value=\"\" \/>\n\t\t<\/div>\n\n\t\t<div class=\"search_location\">\n\t\t\t<label for=\"search_location\">\u0627\u0644\u0645\u0643\u0627\u0646<\/label>\n\t\t\t<input type=\"text\" name=\"search_location\" id=\"search_location\" placeholder=\"\u0627\u0644\u0645\u0643\u0627\u0646\" value=\"\" \/>\n\t\t<\/div>\n\n\t\t\t\t\t<div class=\"search_remote_position\">\n\t\t\t\t<input type=\"checkbox\" class=\"input-checkbox\" name=\"remote_position\" id=\"remote_position\" placeholder=\"\u0627\u0644\u0645\u0643\u0627\u0646\" value=\"1\"  \/>\n\t\t\t\t<label for=\"remote_position\" id=\"remote_position_label\">Remote positions only<\/label>\n\t\t\t<\/div>\n\t\t\n\t\t<div style=\"clear: both\"><\/div>\n\n\t\t\n\t\t\t\t\t<div class=\"search_submit\">\n\t\t\t\t<input type=\"submit\" value=\"Search Jobs\">\n\t\t\t<\/div>\n\t\t\n\t\t\t<\/div>\n\n\t\t<ul class=\"job_types\">\n\t\t\t\t\t<li><label for=\"job_type_freelance\" class=\"freelance\"><input type=\"checkbox\" name=\"filter_job_type[]\" value=\"freelance\"  checked='checked' id=\"job_type_freelance\" \/> \u00d8\u00b9\u00d9\u2026\u00d9\u201e \u00d8\u00ad\u00d8\u00b1<\/label><\/li>\n\t\t\t\t\t<li><label for=\"job_type_full-time\" class=\"full-time\"><input type=\"checkbox\" name=\"filter_job_type[]\" value=\"full-time\"  checked='checked' id=\"job_type_full-time\" \/> \u00d8\u00af\u00d9\u02c6\u00d8\u00a7\u00d9\u2026 \u00d9\u0192\u00d8\u00a7\u00d9\u2026\u00d9\u201e<\/label><\/li>\n\t\t\t\t\t<li><label for=\"job_type_internship\" class=\"internship\"><input type=\"checkbox\" name=\"filter_job_type[]\" value=\"internship\"  checked='checked' id=\"job_type_internship\" \/> \u00d8\u00aa\u00d8\u00af\u00d8\u00b1\u00d9\u0160\u00d8\u00a8<\/label><\/li>\n\t\t\t\t\t<li><label for=\"job_type_part-time\" class=\"part-time\"><input type=\"checkbox\" name=\"filter_job_type[]\" value=\"part-time\"  checked='checked' id=\"job_type_part-time\" \/> \u00d8\u00af\u00d9\u02c6\u00d8\u00a7\u00d9\u2026 \u00d8\u00ac\u00d8\u00b2\u00d8\u00a6\u00d9\u0160<\/label><\/li>\n\t\t\t\t\t<li><label for=\"job_type_temporary\" class=\"temporary\"><input type=\"checkbox\" name=\"filter_job_type[]\" value=\"temporary\"  checked='checked' id=\"job_type_temporary\" \/> \u00d9\u2026\u00d8\u00a4\u00d9\u201a\u00d8\u00aa<\/label><\/li>\n\t\t\t<\/ul>\n\t<input type=\"hidden\" name=\"filter_job_type[]\" value=\"\" \/>\n<div class=\"showing_jobs\"><\/div><input type=\"hidden\" name=\"trp-form-language\" value=\"ar\"\/><\/form>\n\n\n<noscript>\u0627\u0644\u0645\u062a\u0635\u0641\u062d \u0627\u0644\u062e\u0627\u0635 \u0628\u0643 \u0644\u0627 \u064a\u062f\u0639\u0645 \u062a\u0642\u0646\u064a\u0629 \u0627\u0644\u062c\u0627\u0641\u0627 \u0633\u0643\u0631\u064a\u0628\u062a \u0623\u0648 \u0623\u0646\u0647\u0627 \u0645\u0639\u0637\u0644\u0629. \u064a\u062c\u0628 \u062a\u0641\u0639\u064a\u0644\u0647\u0627 \u0644\u0643\u064a \u062a\u0633\u062a\u0637\u064a\u0639 \u0645\u0634\u0627\u0647\u062f\u0629 \u0627\u0644\u0628\u064a\u0627\u0646\u0627\u062a.<\/noscript>\n<ul class=\"job_listings\">\n<\/ul>\n<\/div>","protected":false},"excerpt":{"rendered":"","protected":false},"author":1,"featured_media":0,"parent":0,"menu_order":0,"comment_status":"closed","ping_status":"closed","template":"","meta":{"_rtcl_gb_attr":"","footnotes":""},"class_list":["post-14765","page","type-page","status-publish","hentry"],"yoast_head":"<!-- This site is optimized with the Yoast SEO plugin v26.8 - https:\/\/yoast.com\/product\/yoast-seo-wordpress\/ -->\n<title>Jobs - Jumma Souq<\/title>\n<meta name=\"robots\" content=\"index, follow, max-snippet:-1, max-image-preview:large, max-video-preview:-1\" \/>\n<link rel=\"canonical\" href=\"https:\/\/kw.jummasouq.com\/ar\/jobs\/\" \/>\n<script type=\"application\/ld+json\" class=\"yoast-schema-graph\">{\"@context\":\"https:\/\/schema.org\",\"@graph\":[{\"@type\":\"WebPage\",\"@id\":\"https:\/\/kw.jummasouq.com\/jobs\/\",\"url\":\"https:\/\/kw.jummasouq.com\/jobs\/\",\"name\":\"Jobs - Jumma Souq\",\"isPartOf\":{\"@id\":\"https:\/\/kw.jummasouq.com\/#website\"},\"datePublished\":\"2022-08-07T08:15:31+00:00\",\"breadcrumb\":{\"@id\":\"https:\/\/kw.jummasouq.com\/jobs\/#breadcrumb\"},\"inLanguage\":\"ar\",\"potentialAction\":[{\"@type\":\"ReadAction\",\"target\":[\"https:\/\/kw.jummasouq.com\/jobs\/\"]}]},{\"@type\":\"BreadcrumbList\",\"@id\":\"https:\/\/kw.jummasouq.com\/jobs\/#breadcrumb\",\"itemListElement\":[{\"@type\":\"ListItem\",\"position\":1,\"name\":\"Home\",\"item\":\"https:\/\/kw.jummasouq.com\/\"},{\"@type\":\"ListItem\",\"position\":2,\"name\":\"Jobs\"}]},{\"@type\":\"WebSite\",\"@id\":\"https:\/\/kw.jummasouq.com\/#website\",\"url\":\"https:\/\/kw.jummasouq.com\/\",\"name\":\"Jumma Souq\",\"description\":\"Free Classified Application in Kuwait | Post Free Ads\",\"potentialAction\":[{\"@type\":\"SearchAction\",\"target\":{\"@type\":\"EntryPoint\",\"urlTemplate\":\"https:\/\/kw.jummasouq.com\/?s={search_term_string}\"},\"query-input\":{\"@type\":\"PropertyValueSpecification\",\"valueRequired\":true,\"valueName\":\"search_term_string\"}}],\"inLanguage\":\"ar\"}]}<\/script>\n<!-- \/ Yoast SEO plugin. -->","yoast_head_json":{"title":"Jobs - Jumma Souq","robots":{"index":"index","follow":"follow","max-snippet":"max-snippet:-1","max-image-preview":"max-image-preview:large","max-video-preview":"max-video-preview:-1"},"canonical":"https:\/\/kw.jummasouq.com\/ar\/jobs\/","schema":{"@context":"https:\/\/schema.org","@graph":[{"@type":"WebPage","@id":"https:\/\/kw.jummasouq.com\/jobs\/","url":"https:\/\/kw.jummasouq.com\/jobs\/","name":"Jobs - Jumma Souq","isPartOf":{"@id":"https:\/\/kw.jummasouq.com\/#website"},"datePublished":"2022-08-07T08:15:31+00:00","breadcrumb":{"@id":"https:\/\/kw.jummasouq.com\/jobs\/#breadcrumb"},"inLanguage":"ar","potentialAction":[{"@type":"ReadAction","target":["https:\/\/kw.jummasouq.com\/jobs\/"]}]},{"@type":"BreadcrumbList","@id":"https:\/\/kw.jummasouq.com\/jobs\/#breadcrumb","itemListElement":[{"@type":"ListItem","position":1,"name":"Home","item":"https:\/\/kw.jummasouq.com\/"},{"@type":"ListItem","position":2,"name":"Jobs"}]},{"@type":"WebSite","@id":"https:\/\/kw.jummasouq.com\/#website","url":"https:\/\/kw.jummasouq.com\/","name":"Jumma Souq","description":"Free Classified Application in Kuwait | Post Free Ads","potentialAction":[{"@type":"SearchAction","target":{"@type":"EntryPoint","urlTemplate":"https:\/\/kw.jummasouq.com\/?s={search_term_string}"},"query-input":{"@type":"PropertyValueSpecification","valueRequired":true,"valueName":"search_term_string"}}],"inLanguage":"ar"}]}},"_links":{"self":[{"href":"https:\/\/kw.jummasouq.com\/ar\/wp-json\/wp\/v2\/pages\/14765","targetHints":{"allow":["GET"]}}],"collection":[{"href":"https:\/\/kw.jummasouq.com\/ar\/wp-json\/wp\/v2\/pages"}],"about":[{"href":"https:\/\/kw.jummasouq.com\/ar\/wp-json\/wp\/v2\/types\/page"}],"author":[{"embeddable":true,"href":"https:\/\/kw.jummasouq.com\/ar\/wp-json\/wp\/v2\/users\/1"}],"replies":[{"embeddable":true,"href":"https:\/\/kw.jummasouq.com\/ar\/wp-json\/wp\/v2\/comments?post=14765"}],"version-history":[{"count":0,"href":"https:\/\/kw.jummasouq.com\/ar\/wp-json\/wp\/v2\/pages\/14765\/revisions"}],"wp:attachment":[{"href":"https:\/\/kw.jummasouq.com\/ar\/wp-json\/wp\/v2\/media?parent=14765"}],"curies":[{"name":"wp","href":"https:\/\/api.w.org\/{rel}","templated":true}]}}