{"id":6,"date":"2018-07-06T09:38:50","date_gmt":"2018-07-06T09:38:50","guid":{"rendered":"https:\/\/kw.jummasouq.com\/listing-form\/"},"modified":"2018-08-28T10:47:59","modified_gmt":"2018-08-28T10:47:59","slug":"post-an-ad","status":"publish","type":"page","link":"https:\/\/kw.jummasouq.com\/ar\/post-an-ad\/","title":{"rendered":"Post an Ad"},"content":{"rendered":"<div class=\"rtcl\">\n<div class=\"rtcl-listing-info-selecting classima-form\">\n            <div id=\"rtcl-ad-type-selection\">\n            <div class=\"classified-listing-form-title\">\n                <i class=\"fa fa-tags\" aria-hidden=\"true\"><\/i><h3>Select Type<\/h3>\n            <\/div>\n            <div class=\"row\">\n                <div class=\"col-sm-3 col-12\">\n                    <label class=\"control-label\">Ad Type<span> *<\/span><\/label>\n                <\/div>\n                <div class=\"col-sm-9 col-12\">\n                    <div class=\"form-group\">\n                        <select class=\"rtcl-select2 form-control\" id=\"rtcl-ad-type\" name=\"type\" required>\n                            <option value=\"\">--Select Type--<\/option>\n                            <option value='sell'>\u00d8\u00a8\u00d9\u0160\u00d8\u00b9<\/option><option value='buy'>\u00d8\u00a7\u00d8\u00b4\u00d8\u00aa\u00d8\u00b1\u00d9\u0160<\/option><option value='job'>\u00d9\u02c6\u00d8\u00b8\u00d8\u00a7\u00d8\u00a6\u00d9\u0081<\/option><option value='rent'>\u00d8\u00a5\u00d9\u0160\u00d8\u00ac\u00d8\u00a7\u00d8\u00b1<\/option>                        <\/select>\n                    <\/div>\n                <\/div>\n            <\/div>\n        <\/div>\n    \n    <div id=\"rtcl-ad-category-selection\"\n         style=\"display: none\">\n        <div class=\"classified-listing-form-title\">\n            <i class=\"fa fa-tags\" aria-hidden=\"true\"><\/i><h3>Select Category<\/h3>\n        <\/div>\n        <div class=\"rtcl-post-category\">\n\n            <div class=\"row\" id=\"cat-row\">\n                <div class=\"col-sm-3 col-12\">\n                    <label class=\"control-label\">\u00d8\u00a7\u00d9\u201e\u00d9\u0081\u00d8\u00a6\u00d8\u00a9<span> *<\/span><\/label>\n                <\/div>\n                <div class=\"col-sm-9 col-12\">\n                    <div class=\"form-group\">\n                        <select class=\"rtcl-select2 form-control\" id=\"rtcl-category\" name=\"category\" required>\n                            <option value=\"\">Select a category<\/option>\n                            <option value='304'>\u00d9\u2026\u00d8\u00b1\u00d9\u0192\u00d8\u00a8\u00d8\u00a7\u00d8\u00aa<\/option><option value='297'>\u00d8\u00b1\u00d9\u0160\u00d8\u00a7\u00d8\u00b6\u00d9\u2021 \u00d9\u02c6 \u00d9\u2020\u00d8\u00a7\u00d8\u00af\u00d9\u0160 \u00d8\u00b1\u00d9\u0160\u00d8\u00a7\u00d8\u00b6\u00d9\u0160<\/option><option value='295'>\u00d8\u00ae\u00d8\u00af\u00d9\u2026\u00d8\u00a7\u00d8\u00aa<\/option><option value='291'>\u00d8\u00b9\u00d9\u201a\u00d8\u00a7\u00d8\u00b1\u00d8\u00a7\u00d8\u00aa<\/option><option value='289'>\u00d8\u00ad\u00d9\u0160\u00d9\u02c6\u00d8\u00a7\u00d9\u2020\u00d8\u00a7\u00d8\u00aa \u00d8\u00a3\u00d9\u201e\u00d9\u0160\u00d9\u0081\u00d8\u00a9<\/option><option value='279'>\u00d9\u2026\u00d9\u02c6\u00d8\u00b3\u00d9\u0160\u00d9\u201a\u00d9\u2030 \u00d9\u02c6\u00d9\u0081\u00d9\u2020\u00d9\u02c6\u00d9\u2020 \u00d9\u02c6\u00d9\u0192\u00d8\u00aa\u00d8\u00a8<\/option><option value='278'>\u00d9\u2026\u00d9\u02c6\u00d8\u00a8\u00d8\u00a7\u00d9\u0160\u00d9\u201e \u00d9\u02c6\u00d8\u00aa\u00d8\u00a7\u00d8\u00a8\u00d9\u201e\u00d8\u00aa<\/option><option value='273'>\u00d8\u00a7\u00d9\u201e\u00d8\u00a7\u00d8\u00b7\u00d9\u0081\u00d8\u00a7\u00d9\u201e \u00d9\u02c6\u00d8\u00a7\u00d9\u201e\u00d8\u00b1\u00d8\u00b6\u00d8\u00b9<\/option><option value='272'>\u00d9\u02c6\u00d8\u00b8\u00d8\u00a7\u00d8\u00a6\u00d9\u0081<\/option><option value='268'>\u00d8\u00a7\u00d9\u201e\u00d9\u2026\u00d9\u2020\u00d8\u00b2\u00d9\u201e \u00d9\u02c6\u00d8\u00a7\u00d9\u201e\u00d8\u00ad\u00d8\u00af\u00d9\u0160\u00d9\u201a\u00d8\u00a9<\/option><option value='265'>\u00d8\u00a7\u00d9\u201e\u00d9\u2026\u00d9\u02c6\u00d8\u00b6\u00d8\u00a9<\/option><option value='263'>\u00d8\u00a7\u00d9\u201e\u00d9\u0192\u00d8\u00aa\u00d8\u00b1\u00d9\u02c6\u00d9\u2020\u00d9\u0160\u00d8\u00a7\u00d8\u00aa \u00d9\u02c6\u00d8\u00a3\u00d8\u00ac\u00d9\u2021\u00d8\u00b2\u00d8\u00a9 \u00d9\u2026\u00d9\u2020\u00d8\u00b2\u00d9\u201e\u00d9\u0160\u00d8\u00a9<\/option><option value='262'>\u00d8\u00aa\u00d8\u00ac\u00d8\u00a7\u00d8\u00b1\u00d8\u00a9 \u00d9\u02c6\u00d8\u00b5\u00d9\u2020\u00d8\u00a7\u00d8\u00b9\u00d8\u00a9<\/option>                        <\/select>\n                    <\/div>\n                <\/div>\n            <\/div>\n\n            \n            <div class=\"row  rtcl-hide\" id=\"sub-cat-row\">\n                <div class=\"col-sm-3 col-12\">\n                    <label class=\"control-label\">Sub Category<span> *<\/span><\/label>\n                <\/div>\n                <div class=\"col-sm-9 col-12\" id=\"rtcl-sub-category-wrap\">\n                    <div class=\"form-group\">\n                       \n                                               \n                    <\/div>\n                <\/div>\n            <\/div>\n\n        <\/div>\n    <\/div>\n<\/div><\/div>","protected":false},"excerpt":{"rendered":"","protected":false},"author":1,"featured_media":0,"parent":0,"menu_order":0,"comment_status":"closed","ping_status":"closed","template":"","meta":{"_rtcl_gb_attr":"","footnotes":""},"class_list":["post-6","page","type-page","status-publish","hentry"],"yoast_head":"<!-- This site is optimized with the Yoast SEO plugin v26.8 - https:\/\/yoast.com\/product\/yoast-seo-wordpress\/ -->\n<title>Post an Ad - Jumma Souq<\/title>\n<meta name=\"robots\" content=\"index, follow, max-snippet:-1, max-image-preview:large, max-video-preview:-1\" \/>\n<link rel=\"canonical\" href=\"https:\/\/kw.jummasouq.com\/ar\/post-an-ad\/\" \/>\n<script type=\"application\/ld+json\" class=\"yoast-schema-graph\">{\"@context\":\"https:\/\/schema.org\",\"@graph\":[{\"@type\":\"WebPage\",\"@id\":\"https:\/\/kw.jummasouq.com\/post-an-ad\/\",\"url\":\"https:\/\/kw.jummasouq.com\/post-an-ad\/\",\"name\":\"Post an Ad - Jumma Souq\",\"isPartOf\":{\"@id\":\"https:\/\/kw.jummasouq.com\/#website\"},\"datePublished\":\"2018-07-06T09:38:50+00:00\",\"dateModified\":\"2018-08-28T10:47:59+00:00\",\"breadcrumb\":{\"@id\":\"https:\/\/kw.jummasouq.com\/post-an-ad\/#breadcrumb\"},\"inLanguage\":\"ar\",\"potentialAction\":[{\"@type\":\"ReadAction\",\"target\":[\"https:\/\/kw.jummasouq.com\/post-an-ad\/\"]}]},{\"@type\":\"BreadcrumbList\",\"@id\":\"https:\/\/kw.jummasouq.com\/post-an-ad\/#breadcrumb\",\"itemListElement\":[{\"@type\":\"ListItem\",\"position\":1,\"name\":\"Home\",\"item\":\"https:\/\/kw.jummasouq.com\/\"},{\"@type\":\"ListItem\",\"position\":2,\"name\":\"Post an Ad\"}]},{\"@type\":\"WebSite\",\"@id\":\"https:\/\/kw.jummasouq.com\/#website\",\"url\":\"https:\/\/kw.jummasouq.com\/\",\"name\":\"Jumma Souq\",\"description\":\"Free Classified Application in Kuwait | Post Free Ads\",\"potentialAction\":[{\"@type\":\"SearchAction\",\"target\":{\"@type\":\"EntryPoint\",\"urlTemplate\":\"https:\/\/kw.jummasouq.com\/?s={search_term_string}\"},\"query-input\":{\"@type\":\"PropertyValueSpecification\",\"valueRequired\":true,\"valueName\":\"search_term_string\"}}],\"inLanguage\":\"ar\"}]}<\/script>\n<!-- \/ Yoast SEO plugin. -->","yoast_head_json":{"title":"Post an Ad - Jumma Souq","robots":{"index":"index","follow":"follow","max-snippet":"max-snippet:-1","max-image-preview":"max-image-preview:large","max-video-preview":"max-video-preview:-1"},"canonical":"https:\/\/kw.jummasouq.com\/ar\/post-an-ad\/","schema":{"@context":"https:\/\/schema.org","@graph":[{"@type":"WebPage","@id":"https:\/\/kw.jummasouq.com\/post-an-ad\/","url":"https:\/\/kw.jummasouq.com\/post-an-ad\/","name":"Post an Ad - Jumma Souq","isPartOf":{"@id":"https:\/\/kw.jummasouq.com\/#website"},"datePublished":"2018-07-06T09:38:50+00:00","dateModified":"2018-08-28T10:47:59+00:00","breadcrumb":{"@id":"https:\/\/kw.jummasouq.com\/post-an-ad\/#breadcrumb"},"inLanguage":"ar","potentialAction":[{"@type":"ReadAction","target":["https:\/\/kw.jummasouq.com\/post-an-ad\/"]}]},{"@type":"BreadcrumbList","@id":"https:\/\/kw.jummasouq.com\/post-an-ad\/#breadcrumb","itemListElement":[{"@type":"ListItem","position":1,"name":"Home","item":"https:\/\/kw.jummasouq.com\/"},{"@type":"ListItem","position":2,"name":"Post an Ad"}]},{"@type":"WebSite","@id":"https:\/\/kw.jummasouq.com\/#website","url":"https:\/\/kw.jummasouq.com\/","name":"Jumma Souq","description":"Free Classified Application in Kuwait | Post Free Ads","potentialAction":[{"@type":"SearchAction","target":{"@type":"EntryPoint","urlTemplate":"https:\/\/kw.jummasouq.com\/?s={search_term_string}"},"query-input":{"@type":"PropertyValueSpecification","valueRequired":true,"valueName":"search_term_string"}}],"inLanguage":"ar"}]}},"_links":{"self":[{"href":"https:\/\/kw.jummasouq.com\/ar\/wp-json\/wp\/v2\/pages\/6","targetHints":{"allow":["GET"]}}],"collection":[{"href":"https:\/\/kw.jummasouq.com\/ar\/wp-json\/wp\/v2\/pages"}],"about":[{"href":"https:\/\/kw.jummasouq.com\/ar\/wp-json\/wp\/v2\/types\/page"}],"author":[{"embeddable":true,"href":"https:\/\/kw.jummasouq.com\/ar\/wp-json\/wp\/v2\/users\/1"}],"replies":[{"embeddable":true,"href":"https:\/\/kw.jummasouq.com\/ar\/wp-json\/wp\/v2\/comments?post=6"}],"version-history":[{"count":0,"href":"https:\/\/kw.jummasouq.com\/ar\/wp-json\/wp\/v2\/pages\/6\/revisions"}],"wp:attachment":[{"href":"https:\/\/kw.jummasouq.com\/ar\/wp-json\/wp\/v2\/media?parent=6"}],"curies":[{"name":"wp","href":"https:\/\/api.w.org\/{rel}","templated":true}]}}