{"id":8,"date":"2018-07-06T09:38:50","date_gmt":"2018-07-06T09:38:50","guid":{"rendered":"https:\/\/kw.jummasouq.com\/my-account\/"},"modified":"2018-07-06T09:38:50","modified_gmt":"2018-07-06T09:38:50","slug":"my-account","status":"publish","type":"page","link":"https:\/\/kw.jummasouq.com\/ar\/my-account\/","title":{"rendered":"\u00d8\u00ad\u00d8\u00b3\u00d8\u00a7\u00d8\u00a8\u00d9\u0160"},"content":{"rendered":"<div class=\"rtcl\">\n<div id=\"rtcl-user-login-wrapper\"\n\t class=\"have-registration-form\">\n\n\t\n\t<div class=\"rtcl-login-form-wrap\">\n\t\t<h2>Login<\/h2>\n\t\t<div class=\"rtcl-tab rtcl-tab-login\">\n\t\t\t\t\t\t<div class=\"rtcl-tab-content\">\n\t\t\t\t<div id=\"rtcl-email-login\" class=\"rtcl-tab-pane active\">\n\t<form id=\"rtcl-login-form\" class=\"form-horizontal\" method=\"post\" action=\"\">\n\t\t\t\t<div class=\"rtcl-form-group\">\n\t\t\t<label for=\"rtcl-user-login\" class=\"rtcl-field-label\">\n\t\t\t\tUsername or E-mail\t\t\t\t<strong class=\"rtcl-required\">*<\/strong>\n\t\t\t<\/label>\n\t\t\t<input type=\"text\" name=\"username\" autocomplete=\"username\"\n\t\t\t\t   value=\"\"\n\t\t\t\t   id=\"rtcl-user-login\" class=\"rtcl-form-control\" required>\n\t\t<\/div>\n\n\t\t<div class=\"rtcl-form-group\">\n\t\t\t<label for=\"rtcl-user-pass\" class=\"rtcl-field-label\">\n\t\t\t\tPassword\t\t\t\t<strong class=\"rtcl-required\">*<\/strong>\n\t\t\t<\/label>\n\t\t\t<div class=\"rtcl-user-pass-wrap\">\n\t\t\t\t<input type=\"password\" name=\"password\" id=\"rtcl-user-pass\" autocomplete=\"current-password\"\n\t\t\t\t\t   class=\"rtcl-form-control\" required>\n\t\t\t\t<span class=\"rtcl-toggle-pass rtcl-icon-eye-off\"><\/span>\n\t\t\t<\/div>\n\t\t<\/div>\n\n\t\t\n\t\t<div class=\"rtcl-form-group\">\n\t\t\t<div id=\"rtcl-login-g-recaptcha\"><\/div>\n\t\t\t<div id=\"rtcl-login-g-recaptcha-message\"><\/div>\n\t\t<\/div>\n\n\t\t<div class=\"rtcl-form-group rtcl-login-form-submit-wrap\">\n\n\t\t\t<button type=\"submit\" name=\"rtcl-login\" class=\"rtcl-btn\" value=\"login\">\n\t\t\t\tLogin\t\t\t<\/button>\n\t\t\t<div class=\"rtcl-checkbox-list\">\n\t\t\t\t<label class=\"rtcl-check\" for=\"rtcl-rememberme\">\n\t\t\t\t\t<input type=\"checkbox\" id=\"rtcl-rememberme\" name=\"rememberme\" value=\"forever\">\n\t\t\t\t\t<span class=\"rtcl-check-box\"><\/span>\n\t\t\t\t\t<span class=\"rtcl-check-label\">Remember Me<\/span>\n\t\t\t\t<\/label>\n\t\t\t<\/div>\n\t\t<\/div>\n\t\t<div class=\"rtcl-social-login-wrap\">[nextend_social_login]<\/div><input type=\"hidden\" id=\"rtcl-login-nonce\" name=\"rtcl-login-nonce\" value=\"2fc1f23111\" \/><input type=\"hidden\" name=\"_wp_http_referer\" value=\"\/ar\/wp-json\/wp\/v2\/pages\/8\" \/><input type=\"hidden\" name=\"redirect_to\" value=\"https:\/\/kw.jummasouq.com\/ar\/wp-json\/wp\/v2\/pages\/8\" \/>\t<input type=\"hidden\" name=\"trp-form-language\" value=\"ar\"\/><\/form>\n\t\t\t<div class=\"rtcl-form-group-no-margin-bottom\">\n\t\t\t<p class=\"rtcl-forgot-password\">\n\t\t\t\t\t\t\t\t\t<a class=\"register-link\" href=\"https:\/\/kw.jummasouq.com\/ar\/my-account\/\">Register<\/a><span>|<\/span>\n\t\t\t\t\t\t\t\t<a href=\"https:\/\/kw.jummasouq.com\/ar\/my-account\/lost-password\/\">Forgot your password?<\/a>\n\n\t\t\t<\/p>\n\t\t<\/div>\n\t\t<\/div>\t\t\t<\/div>\n\t\t<\/div>\n\t<\/div>\n\t\t\t<div class=\"rtcl-registration-form-wrap\">\n\n\t\t\t<h2>Register<\/h2>\n\n\t\t\t<form id=\"rtcl-register-form\" class=\"form-horizontal\" method=\"post\" action=\"\">\n\n\t\t\t\t\t\t<div class=\"rtcl-form-group phone-row\">\n\t\t\t\t\t\t<label for=\"rtcl-reg-phone\" class=\"rtcl-field-label phone-label\">\n\t\t\t\tPhone Number\t\t\t\t\t\t\t\t\t<strong class=\"rtcl-required\">*<\/strong>\n\t\t\t\t\t\t\t<\/label>\n\t\t\t<div class=\"rtcl-phone-field-button\">\n\t\t\t\t<input type=\"text\" name=\"phone\"\n\t\t\t\t\t   value=\"\"\n\t\t\t\t\t   id=\"rtcl-reg-phone\" class=\"rtcl-form-control\" required>\n\t\t\t\t\t\t\t<\/div>\n\t\t\t\t\t<\/div>\n\t\t\n\t\t\t\t<div class=\"rtcl-form-group\">\n\t\t\t\t\t<label for=\"rtcl-reg-username\" class=\"rtcl-field-label\">\n\t\t\t\t\t\tUsername\t\t\t\t\t\t<strong class=\"rtcl-required\">*<\/strong>\n\t\t\t\t\t<\/label>\n\t\t\t\t\t<input type=\"text\" name=\"username\"\n\t\t\t\t\t\t   value=\"\"\n\t\t\t\t\t\t   autocomplete=\"username\" id=\"rtcl-reg-username\" class=\"rtcl-form-control\" required>\n\t\t\t\t\t<span\n\t\t\t\t\t\tclass=\"help-block\">Username cannot be changed.<\/span>\n\t\t\t\t<\/div>\n\n\t\t\t\t<div class=\"rtcl-form-group\">\n\t\t\t\t\t<label for=\"rtcl-reg-email\" class=\"rtcl-field-label\">\n\t\t\t\t\t\tEmail address\t\t\t\t\t\t<strong class=\"rtcl-required\">*<\/strong>\n\t\t\t\t\t<\/label>\n\t\t\t\t\t<input type=\"email\" name=\"email\"\n\t\t\t\t\t\t   value=\"\"\n\t\t\t\t\t\t   autocomplete=\"email\" id=\"rtcl-reg-email\" class=\"rtcl-form-control\" required>\n\t\t\t\t<\/div>\n\n\t\t\t\t<div class=\"rtcl-form-group\">\n\t\t\t\t\t<label for=\"rtcl-reg-password\" class=\"rtcl-field-label\">\n\t\t\t\t\t\tPassword\t\t\t\t\t\t<strong class=\"rtcl-required\">*<\/strong>\n\t\t\t\t\t<\/label>\n\t\t\t\t\t<div class=\"rtcl-user-pass-wrap\">\n\t\t\t\t\t\t<input type=\"password\" name=\"password\" id=\"rtcl-reg-password\" autocomplete=\"new-password\"\n\t\t\t\t\t\t\t   class=\"rtcl-form-control rtcl-password\" required>\n\t\t\t\t\t\t<span class=\"rtcl-toggle-pass rtcl-icon-eye-off\"><\/span>\n\t\t\t\t\t<\/div>\n\t\t\t\t<\/div>\n\n\t\t\t\t<div class=\"rtcl-form-group\">\n\t\t\t\t\t<label for=\"rtcl-reg-confirm-password\" class=\"rtcl-field-label\">\n\t\t\t\t\t\tConfirm Password\t\t\t\t\t\t<strong class=\"rtcl-required\">*<\/strong>\n\t\t\t\t\t<\/label>\n\t\t\t\t\t<div class=\"confirm-password-wrap\">\n\t\t\t\t\t\t<div class=\"rtcl-user-pass-wrap\">\n\t\t\t\t\t\t\t<input type=\"password\" name=\"pass2\" id=\"rtcl-reg-confirm-password\" class=\"rtcl-form-control\"\n\t\t\t\t\t\t\t\t   autocomplete=\"off\"\n\t\t\t\t\t\t\t\t   data-rule-equalto=\"#rtcl-reg-password\"\n\t\t\t\t\t\t\t\t   data-msg-equalto=\"Password does not match.\"\n\t\t\t\t\t\t\t\t   required>\n\t\t\t\t\t\t\t<span class=\"rtcl-toggle-pass rtcl-icon-eye-off\"><\/span>\n\t\t\t\t\t\t<\/div>\n\t\t\t\t\t\t<span class=\"rtcl-checkmark\"><\/span>\n\t\t\t\t\t<\/div>\n\t\t\t\t<\/div>\n\n\t\t\t\t\n\t\t<div class=\"form-group rtcl-privacy-policy-wrap\">\n\t\t\t<div class=\"form-check\">\n\t\t\t\t<input id=\"rtcl-privacy-policy\" name=\"rtcl_privacy_policy\" type=\"checkbox\" class=\"form-check-input\"\n\t\t\t\t\t   required>\n\t\t\t\t<label class=\"rtcl-form-check-label\" for=\"rtcl-privacy-policy\">\n\t\t\t\t\t<p>\u00d8\u00b3\u00d9\u0160\u00d8\u00aa\u00d9\u2026 \u00d8\u00a7\u00d8\u00b3\u00d8\u00aa\u00d8\u00ae\u00d8\u00af\u00d8\u00a7\u00d9\u2026 \u00d8\u00a8\u00d9\u0160\u00d8\u00a7\u00d9\u2020\u00d8\u00a7\u00d8\u00aa\u00d9\u0192 \u00d8\u00a7\u00d9\u201e\u00d8\u00b4\u00d8\u00ae\u00d8\u00b5\u00d9\u0160\u00d8\u00a9 \u00d9\u201e\u00d8\u00af\u00d8\u00b9\u00d9\u2026 \u00d8\u00aa\u00d8\u00ac\u00d8\u00b1\u00d8\u00a8\u00d8\u00aa\u00d9\u0192 \u00d9\u0081\u00d9\u0160 \u00d8\u00ac\u00d9\u2026\u00d9\u0160\u00d8\u00b9 \u00d8\u00a3\u00d9\u2020\u00d8\u00ad\u00d8\u00a7\u00d8\u00a1 \u00d9\u2021\u00d8\u00b0\u00d8\u00a7 \u00d8\u00a7\u00d9\u201e\u00d9\u2026\u00d9\u02c6\u00d9\u201a\u00d8\u00b9 \u00d8\u0152 \u00d9\u02c6\u00d8\u00a5\u00d8\u00af\u00d8\u00a7\u00d8\u00b1\u00d8\u00a9 \u00d8\u00a7\u00d9\u201e\u00d9\u02c6\u00d8\u00b5\u00d9\u02c6\u00d9\u201e \u00d8\u00a5\u00d9\u201e\u00d9\u2030 \u00d8\u00ad\u00d8\u00b3\u00d8\u00a7\u00d8\u00a8\u00d9\u0192 \u00d8\u0152 \u00d9\u02c6\u00d9\u201e\u00d8\u00a3\u00d8\u00ba\u00d8\u00b1\u00d8\u00a7\u00d8\u00b6 \u00d8\u00a3\u00d8\u00ae\u00d8\u00b1\u00d9\u2030 \u00d9\u2026\u00d9\u02c6\u00d8\u00b5\u00d9\u02c6\u00d9\u0081\u00d8\u00a9 \u00d9\u0081\u00d9\u0160 \u00d9\u2026\u00d9\u02c6\u00d9\u201a\u00d8\u00b9\u00d9\u2020\u00d8\u00a7 <a href=\"https:\/\/kw.jummasouq.com\/ar\/privacy-policy\/\" class=\"rtcl-privacy-policy-link\" target=\"_blank\">privacy policy<\/a>.<\/p>\n\t\t\t\t<\/label>\n\t\t\t\t<div class=\"with-errors help-block\"\n\t\t\t\t\t data-error=\"This field is required\"><\/div>\n\t\t\t<\/div>\n\t\t<\/div>\n\t\t\n\t<div class=\"rtcl-registration-terms-conditions\">\n\t\t\t\t<div class=\"rtcl-form-group\">\n\t\t\t<div class=\"form-check\">\n\t\t\t\t<input type=\"checkbox\"\n\t\t\t\t\t   class=\"form-check-input\"\n\t\t\t\t\t   name=\"rtcl_terms_conditions\"\n\t\t\t\t\t   id=\"rtcl-terms-conditions\"\n\t\t\t\t\t   required\n\t\t\t\t\t\t\t\t\t>\n\t\t\t\t<label class=\"rtcl-form-check-label\" for=\"rtcl-terms-conditions\">\n\t\t\t\t\t\u00d9\u201e\u00d9\u201a\u00d8\u00af \u00d9\u201a\u00d8\u00b1\u00d8\u00a3\u00d8\u00aa \u00d9\u02c6\u00d9\u02c6\u00d8\u00a7\u00d9\u0081\u00d9\u201a\u00d8\u00aa \u00d8\u00b9\u00d9\u201e\u00d9\u2030 \u00d8\u00a7\u00d9\u201e\u00d9\u2026\u00d9\u02c6\u00d9\u201a\u00d8\u00b9 <a href=\"https:\/\/kw.jummasouq.com\/ar\/terms-of-use\/\" class=\"rtcl-terms-and-conditions-link\" target=\"_blank\">terms and conditions<\/a>.\t\t\t\t<\/label>\n\t\t\t\t<div class=\"with-errors help-block\"\n\t\t\t\t\t data-error=\"This field is required\"><\/div>\n\t\t\t<\/div>\n\t\t<\/div>\n\t<\/div>\n\t\n\t\t\t\t<div class=\"rtcl-form-group rtcl-form-group-no-margin-bottom\">\n\t\t\t\t\t<div id=\"rtcl-registration-g-recaptcha\"><\/div>\n\t\t\t\t\t<div id=\"rtcl-registration-g-recaptcha-message\"><\/div>\n\t\t\t\t\t<input type=\"submit\" name=\"rtcl-register\" class=\"rtcl-btn\"\n\t\t\t\t\t\t   value=\"Register\"\/>\n\t\t\t\t<\/div>\n\t\t\t\t<input type=\"hidden\" id=\"rtcl-register-nonce\" name=\"rtcl-register-nonce\" value=\"fef31efddd\" \/><input type=\"hidden\" name=\"_wp_http_referer\" value=\"\/ar\/wp-json\/wp\/v2\/pages\/8\" \/><input type=\"hidden\" name=\"redirect_to\" value=\"https:\/\/kw.jummasouq.com\/ar\/wp-json\/wp\/v2\/pages\/8\" \/>\t\t\t<input type=\"hidden\" name=\"trp-form-language\" value=\"ar\"\/><\/form>\n\t\t<\/div>\n\t<\/div>\n<\/div>","protected":false},"excerpt":{"rendered":"","protected":false},"author":1,"featured_media":0,"parent":0,"menu_order":0,"comment_status":"closed","ping_status":"closed","template":"","meta":{"_rtcl_gb_attr":"","footnotes":""},"class_list":["post-8","page","type-page","status-publish","hentry"],"yoast_head":"<!-- This site is optimized with the Yoast SEO plugin v26.8 - https:\/\/yoast.com\/product\/yoast-seo-wordpress\/ -->\n<title>My Account - Jumma Souq<\/title>\n<meta name=\"robots\" content=\"index, follow, max-snippet:-1, max-image-preview:large, max-video-preview:-1\" \/>\n<link rel=\"canonical\" href=\"https:\/\/kw.jummasouq.com\/ar\/my-account\/\" \/>\n<script type=\"application\/ld+json\" class=\"yoast-schema-graph\">{\"@context\":\"https:\/\/schema.org\",\"@graph\":[{\"@type\":\"WebPage\",\"@id\":\"https:\/\/kw.jummasouq.com\/my-account\/\",\"url\":\"https:\/\/kw.jummasouq.com\/my-account\/\",\"name\":\"My Account - Jumma Souq\",\"isPartOf\":{\"@id\":\"https:\/\/kw.jummasouq.com\/#website\"},\"datePublished\":\"2018-07-06T09:38:50+00:00\",\"breadcrumb\":{\"@id\":\"https:\/\/kw.jummasouq.com\/my-account\/#breadcrumb\"},\"inLanguage\":\"ar\",\"potentialAction\":[{\"@type\":\"ReadAction\",\"target\":[\"https:\/\/kw.jummasouq.com\/my-account\/\"]}]},{\"@type\":\"BreadcrumbList\",\"@id\":\"https:\/\/kw.jummasouq.com\/my-account\/#breadcrumb\",\"itemListElement\":[{\"@type\":\"ListItem\",\"position\":1,\"name\":\"Home\",\"item\":\"https:\/\/kw.jummasouq.com\/\"},{\"@type\":\"ListItem\",\"position\":2,\"name\":\"My Account\"}]},{\"@type\":\"WebSite\",\"@id\":\"https:\/\/kw.jummasouq.com\/#website\",\"url\":\"https:\/\/kw.jummasouq.com\/\",\"name\":\"Jumma Souq\",\"description\":\"Free Classified Application in Kuwait | Post Free Ads\",\"potentialAction\":[{\"@type\":\"SearchAction\",\"target\":{\"@type\":\"EntryPoint\",\"urlTemplate\":\"https:\/\/kw.jummasouq.com\/?s={search_term_string}\"},\"query-input\":{\"@type\":\"PropertyValueSpecification\",\"valueRequired\":true,\"valueName\":\"search_term_string\"}}],\"inLanguage\":\"ar\"}]}<\/script>\n<!-- \/ Yoast SEO plugin. -->","yoast_head_json":{"title":"My Account - Jumma Souq","robots":{"index":"index","follow":"follow","max-snippet":"max-snippet:-1","max-image-preview":"max-image-preview:large","max-video-preview":"max-video-preview:-1"},"canonical":"https:\/\/kw.jummasouq.com\/ar\/my-account\/","schema":{"@context":"https:\/\/schema.org","@graph":[{"@type":"WebPage","@id":"https:\/\/kw.jummasouq.com\/my-account\/","url":"https:\/\/kw.jummasouq.com\/my-account\/","name":"My Account - Jumma Souq","isPartOf":{"@id":"https:\/\/kw.jummasouq.com\/#website"},"datePublished":"2018-07-06T09:38:50+00:00","breadcrumb":{"@id":"https:\/\/kw.jummasouq.com\/my-account\/#breadcrumb"},"inLanguage":"ar","potentialAction":[{"@type":"ReadAction","target":["https:\/\/kw.jummasouq.com\/my-account\/"]}]},{"@type":"BreadcrumbList","@id":"https:\/\/kw.jummasouq.com\/my-account\/#breadcrumb","itemListElement":[{"@type":"ListItem","position":1,"name":"Home","item":"https:\/\/kw.jummasouq.com\/"},{"@type":"ListItem","position":2,"name":"My Account"}]},{"@type":"WebSite","@id":"https:\/\/kw.jummasouq.com\/#website","url":"https:\/\/kw.jummasouq.com\/","name":"Jumma Souq","description":"Free Classified Application in Kuwait | Post Free Ads","potentialAction":[{"@type":"SearchAction","target":{"@type":"EntryPoint","urlTemplate":"https:\/\/kw.jummasouq.com\/?s={search_term_string}"},"query-input":{"@type":"PropertyValueSpecification","valueRequired":true,"valueName":"search_term_string"}}],"inLanguage":"ar"}]}},"_links":{"self":[{"href":"https:\/\/kw.jummasouq.com\/ar\/wp-json\/wp\/v2\/pages\/8","targetHints":{"allow":["GET"]}}],"collection":[{"href":"https:\/\/kw.jummasouq.com\/ar\/wp-json\/wp\/v2\/pages"}],"about":[{"href":"https:\/\/kw.jummasouq.com\/ar\/wp-json\/wp\/v2\/types\/page"}],"author":[{"embeddable":true,"href":"https:\/\/kw.jummasouq.com\/ar\/wp-json\/wp\/v2\/users\/1"}],"replies":[{"embeddable":true,"href":"https:\/\/kw.jummasouq.com\/ar\/wp-json\/wp\/v2\/comments?post=8"}],"version-history":[{"count":0,"href":"https:\/\/kw.jummasouq.com\/ar\/wp-json\/wp\/v2\/pages\/8\/revisions"}],"wp:attachment":[{"href":"https:\/\/kw.jummasouq.com\/ar\/wp-json\/wp\/v2\/media?parent=8"}],"curies":[{"name":"wp","href":"https:\/\/api.w.org\/{rel}","templated":true}]}}